{"id":392930,"date":"2023-11-21T02:25:25","date_gmt":"2023-11-21T02:25:25","guid":{"rendered":"https:\/\/lafactory.vip\/luisfilm\/?page_id=392930"},"modified":"2024-01-02T02:40:58","modified_gmt":"2024-01-02T01:40:58","slug":"video-mariage-bertille-guillaume-orleans","status":"publish","type":"page","link":"http:\/\/luisfilm.com\/en\/video-mariage-bertille-guillaume-orleans\/","title":{"rendered":"Vid\u00e9o Mariage Bertille &#038; Guillaume"},"content":{"rendered":"<p>[et_pb_section fb_built=\u00a0\u00bb1&Prime; _builder_version=\u00a0\u00bb4.23.1&Prime; _module_preset=\u00a0\u00bbdefault\u00a0\u00bb custom_margin=\u00a0\u00bb0px||0px||true|false\u00a0\u00bb custom_padding=\u00a0\u00bb0px||0px||true|false\u00a0\u00bb global_colors_info=\u00a0\u00bb{}\u00a0\u00bb][et_pb_row _builder_version=\u00a0\u00bb4.23.1&Prime; _module_preset=\u00a0\u00bbdefault\u00a0\u00bb width=\u00a0\u00bb100%\u00a0\u00bb max_width=\u00a0\u00bbnone\u00a0\u00bb module_alignment=\u00a0\u00bbcenter\u00a0\u00bb custom_margin=\u00a0\u00bb0px||0px||true|false\u00a0\u00bb custom_padding=\u00a0\u00bb0px||0px||true|false\u00a0\u00bb global_colors_info=\u00a0\u00bb{}\u00a0\u00bb][et_pb_column type=\u00a0\u00bb4_4&Prime; _builder_version=\u00a0\u00bb4.23.1&Prime; _module_preset=\u00a0\u00bbdefault\u00a0\u00bb global_colors_info=\u00a0\u00bb{}\u00a0\u00bb][et_pb_video src=\u00a0\u00bbhttps:\/\/player.vimeo.com\/video\/575555981&Prime; _builder_version=\u00a0\u00bb4.23.4&Prime; _module_preset=\u00a0\u00bbdefault\u00a0\u00bb custom_margin=\u00a0\u00bb-114px||||false|false\u00a0\u00bb hover_enabled=\u00a0\u00bb0&Prime; global_colors_info=\u00a0\u00bb{}\u00a0\u00bb custom_padding=\u00a0\u00bb0px||||false|false\u00a0\u00bb sticky_enabled=\u00a0\u00bb0&Prime;][\/et_pb_video][\/et_pb_column][\/et_pb_row][\/et_pb_section][et_pb_section fb_built=\u00a0\u00bb1&Prime; _builder_version=\u00a0\u00bb4.23.1&Prime; _module_preset=\u00a0\u00bbdefault\u00a0\u00bb global_colors_info=\u00a0\u00bb{}\u00a0\u00bb][et_pb_row _builder_version=\u00a0\u00bb4.23.1&Prime; _module_preset=\u00a0\u00bbdefault\u00a0\u00bb global_colors_info=\u00a0\u00bb{}\u00a0\u00bb][et_pb_column type=\u00a0\u00bb4_4&Prime; _builder_version=\u00a0\u00bb4.23.1&Prime; _module_preset=\u00a0\u00bbdefault\u00a0\u00bb global_colors_info=\u00a0\u00bb{}\u00a0\u00bb][dsm_text_divider header=\u00a0\u00bb Bertille &#038; Guillaume\u00a0\u00bb admin_label=\u00a0\u00bbSupreme Text Divider\u00a0\u00bb _builder_version=\u00a0\u00bb4.23.1&Prime; _module_preset=\u00a0\u00bbdefault\u00a0\u00bb header_level=\u00a0\u00bbh2&Prime; header_font=\u00a0\u00bbPlayfair Display||||||||\u00a0\u00bb header_font_size=\u00a0\u00bb47px\u00a0\u00bb global_colors_info=\u00a0\u00bb{}\u00a0\u00bb][\/dsm_text_divider][et_pb_text _builder_version=\u00a0\u00bb4.23.4&Prime; _module_preset=\u00a0\u00bbdefault\u00a0\u00bb text_font=\u00a0\u00bbPlayfair Display||||||||\u00a0\u00bb text_text_color=\u00a0\u00bb#000000&Prime; text_font_size=\u00a0\u00bb20px\u00a0\u00bb header_font=\u00a0\u00bbPlayfair Display||||||||\u00a0\u00bb header_text_color=\u00a0\u00bb#000000&Prime; global_colors_info=\u00a0\u00bb{}\u00a0\u00bb]<\/p>\n<p>Bertille and Guillaume's wedding took place at Orl\u00e9ans Cathedral. I was able to film the wedding not only on the day itself, but also before and after, to make a complete film. They gave me carte blanche for the video editing, and it was a pure delight.<\/p>\n<p>[\/et_pb_text][difl_packerygallery gallery=\u00a0\u00bb394779,394784,394783,394769,394777,394782,394781,394780,394778,394767,394768,394770,394771,394772,394773,394774,394775,394776,394766,394765,394764,394763,394762,394760,394761,394759,394758,394757,394751,394752,394753,394754,394755,394756&Prime; pg_layout=\u00a0\u00bbnine\u00a0\u00bb keep_dsk_tab=\u00a0\u00bbon\u00a0\u00bb load_more=\u00a0\u00bbon\u00a0\u00bb load_more_text=\u00a0\u00bbPlus d&rsquo;images\u00a0\u00bb use_lightbox=\u00a0\u00bbon\u00a0\u00bb use_lightbox_content=\u00a0\u00bbon\u00a0\u00bb overlay=\u00a0\u00bbon\u00a0\u00bb overlay_primary=\u00a0\u00bbRGBA(255,255,255,0)\u00a0\u00bb overlay_secondary=\u00a0\u00bbRGBA(255,255,255,0)\u00a0\u00bb border_anim=\u00a0\u00bbon\u00a0\u00bb anm_border_color=\u00a0\u00bbRGBA(255,255,255,0)\u00a0\u00bb more_btn_bg_bgcolor=\u00a0\u00bb#424242&Prime; more_btn_use_icon=\u00a0\u00bboff\u00a0\u00bb _builder_version=\u00a0\u00bb4.23.4&Prime; _module_preset=\u00a0\u00bbdefault\u00a0\u00bb more_btn_text_color=\u00a0\u00bb#FFFFFF\u00a0\u00bb more_btn_font_size=\u00a0\u00bb21px\u00a0\u00bb global_colors_info=\u00a0\u00bb{}\u00a0\u00bb more_btn_bg_bgcolor__hover=\u00a0\u00bb#000000&Prime; more_btn_bg_bgcolor__hover_enabled=\u00a0\u00bbon|desktop\u00a0\u00bb][\/difl_packerygallery][\/et_pb_column][\/et_pb_row][\/et_pb_section]<\/p>","protected":false},"excerpt":{"rendered":"<p><div class=\"et_pb_module dsm_text_divider dsm_text_divider_0\">\n\t\t\t\t\n\t\t\t\t\n\t\t\t\t\n\t\t\t\t\n\t\t\t\t\n\t\t\t\t\n\t\t\t\t<div class=\"et_pb_module_inner\">\n\t\t\t\t\t<div class=\"dsm-text-divider-wrapper dsm-text-divider-align-center et_pb_bg_layout_light\">\n\t\t\t\t\n\t\t\t\t\n\t\t\t\t<div class=\"dsm-text-divider-before dsm-divider\"><\/div>\n\t\t\t\t<h2 class=\"dsm-text-divider-header et_pb_module_header\"><span> Bertille &#038; Guillaume<\/span><\/h2>\n\t\t\t\t<div class=\"dsm-text-divider-after dsm-divider\"><\/div>\n\t\t\t<\/div>\n\t\t\t\t<\/div>\n\t\t\t<\/div>Le mariage de Bertille et Guillaume s\u2019est d\u00e9roul\u00e9 entre autres \u00e0 la magnifique Cath\u00e9drale d\u2019Orl\u00e9ans. Un mariage que j\u2019ai pu filmer le jour J mais aussi avant et apr\u00e8s pour en faire un film complet. Ils m\u2019ont laiss\u00e9 carte blanche pour [&hellip;]<\/p>","protected":false},"author":1,"featured_media":0,"parent":0,"menu_order":0,"comment_status":"closed","ping_status":"closed","template":"","meta":{"_et_pb_use_builder":"on","_et_pb_old_content":"","_et_gb_content_width":"","footnotes":""},"class_list":["post-392930","page","type-page","status-publish","hentry"],"jetpack_sharing_enabled":true,"_links":{"self":[{"href":"http:\/\/luisfilm.com\/en\/wp-json\/wp\/v2\/pages\/392930","targetHints":{"allow":["GET"]}}],"collection":[{"href":"http:\/\/luisfilm.com\/en\/wp-json\/wp\/v2\/pages"}],"about":[{"href":"http:\/\/luisfilm.com\/en\/wp-json\/wp\/v2\/types\/page"}],"author":[{"embeddable":true,"href":"http:\/\/luisfilm.com\/en\/wp-json\/wp\/v2\/users\/1"}],"replies":[{"embeddable":true,"href":"http:\/\/luisfilm.com\/en\/wp-json\/wp\/v2\/comments?post=392930"}],"version-history":[{"count":10,"href":"http:\/\/luisfilm.com\/en\/wp-json\/wp\/v2\/pages\/392930\/revisions"}],"predecessor-version":[{"id":395244,"href":"http:\/\/luisfilm.com\/en\/wp-json\/wp\/v2\/pages\/392930\/revisions\/395244"}],"wp:attachment":[{"href":"http:\/\/luisfilm.com\/en\/wp-json\/wp\/v2\/media?parent=392930"}],"curies":[{"name":"wp","href":"https:\/\/api.w.org\/{rel}","templated":true}]}}