{"id":393129,"date":"2023-11-22T03:19:08","date_gmt":"2023-11-22T03:19:08","guid":{"rendered":"https:\/\/lafactory.vip\/luisfilm\/?page_id=393129"},"modified":"2024-01-02T15:44:25","modified_gmt":"2024-01-02T14:44:25","slug":"qui-suis-je","status":"publish","type":"page","link":"http:\/\/luisfilm.com\/en\/qui-suis-je\/","title":{"rendered":"About me"},"content":{"rendered":"<p>[et_pb_section fb_built=\u00a0\u00bb1&Prime; admin_label=\u00a0\u00bbLUIS : VID\u00c9ASTE DE MARIAGE\u00a0\u00bb _builder_version=\u00a0\u00bb4.23.2&Prime; _module_preset=\u00a0\u00bbdefault\u00a0\u00bb background_color=\u00a0\u00bb#FFFFFF\u00a0\u00bb collapsed=\u00a0\u00bboff\u00a0\u00bb global_colors_info=\u00a0\u00bb{}\u00a0\u00bb][et_pb_row column_structure=\u00a0\u00bb3_5,2_5&Prime; _builder_version=\u00a0\u00bb4.23.2&Prime; _module_preset=\u00a0\u00bbdefault\u00a0\u00bb global_colors_info=\u00a0\u00bb{}\u00a0\u00bb][et_pb_column type=\u00a0\u00bb3_5&Prime; _builder_version=\u00a0\u00bb4.20.0&Prime; _module_preset=\u00a0\u00bbdefault\u00a0\u00bb global_colors_info=\u00a0\u00bb{}\u00a0\u00bb][et_pb_heading title=\u00a0\u00bbLuis : Vid\u00e9aste de mariage\u00a0\u00bb _builder_version=\u00a0\u00bb4.23.2&Prime; _module_preset=\u00a0\u00bbdefault\u00a0\u00bb title_font=\u00a0\u00bbPlayfair Display SC||||||||\u00a0\u00bb global_colors_info=\u00a0\u00bb{}\u00a0\u00bb][\/et_pb_heading][et_pb_text _builder_version=\u00a0\u00bb4.23.2&Prime; _module_preset=\u00a0\u00bb634f4a17-5de1-48f4-b510-eba99aac08f5&Prime; text_text_color=\u00a0\u00bbgcid-dfca0e9b-c2d5-4a0d-bd54-692f77707a05&Prime; global_colors_info=\u00a0\u00bb{%22gcid-dfca0e9b-c2d5-4a0d-bd54-692f77707a05%22:%91%22text_text_color%22%93}\u00a0\u00bb]<\/p>\n<p>I started out with an interest in photography and then naturally turned to a profile as a wedding videographer.<br \/>I'm a self-taught person and very invested in what I do. To improve my video skills, I took workshops with wedding videographers whom I adore. This was very instructive in the search for my visual identity. I was also able to dialogue with these video professionals to focus my energy and deepen my style.<br \/>Compared to photography, video is a world that allows me to transcribe a wedding in a different way. Beyond the image, there are animations, sounds, voices and laughter, etc. to explore to help you relive this unforgettable day.<br \/>Putting it all together is something that inspires me and that I love to do. Always looking for new ways to edit video, this one stays true to my bride and groom.<\/p>\n<p>I continue to let inspiration from all kinds of sources influence my work. It doesn't always have to do with the world of weddings. It can come from a video clip, a piece of music, a film that has touched me in a particular way, both visually and emotionally.<\/p>\n<p>Wedding videographers in Orleans, Paris, Lyon, Nice, Bordeaux, Lille, Montpellier, Nantes. Tours, Aix-en-provence, La Rochelle...<\/p>\n<p>In France and abroad.<\/p>\n<p>I speak French, Portuguese, Spanish and English.<\/p>\n<p>[\/et_pb_text][\/et_pb_column][et_pb_column type=\u00a0\u00bb2_5&Prime; _builder_version=\u00a0\u00bb4.20.0&Prime; _module_preset=\u00a0\u00bbdefault\u00a0\u00bb global_colors_info=\u00a0\u00bb{}\u00a0\u00bb][et_pb_image src=\u00a0\u00bbhttps:\/\/luisfilm.com\/wp-content\/uploads\/2023\/12\/luis-patarata-videaste-mariage-orleans.jpg\u00a0\u00bb alt=\u00a0\u00bbluis patarata videaste mariage orleans\u00a0\u00bb title_text=\u00a0\u00bbluis-patarata-videaste-mariage-orleans\u00a0\u00bb _builder_version=\u00a0\u00bb4.23.2&Prime; _module_preset=\u00a0\u00bbdefault\u00a0\u00bb border_radii=\u00a0\u00bboff|10px|300px|300px|10px\u00a0\u00bb global_colors_info=\u00a0\u00bb{}\u00a0\u00bb][\/et_pb_image][\/et_pb_column][\/et_pb_row][\/et_pb_section][et_pb_section fb_built=\u00a0\u00bb1&Prime; admin_label=\u00a0\u00bbVous \u00eates unique\u00a0\u00bb _builder_version=\u00a0\u00bb4.23.2&Prime; _module_preset=\u00a0\u00bbdefault\u00a0\u00bb background_color=\u00a0\u00bb#f3efe5&Prime; collapsed=\u00a0\u00bboff\u00a0\u00bb global_colors_info=\u00a0\u00bb{}\u00a0\u00bb][et_pb_row column_structure=\u00a0\u00bb1_3,2_3&Prime; _builder_version=\u00a0\u00bb4.23.2&Prime; _module_preset=\u00a0\u00bbdefault\u00a0\u00bb background_color=\u00a0\u00bbRGBA(255,255,255,0)\u00a0\u00bb global_colors_info=\u00a0\u00bb{}\u00a0\u00bb][et_pb_column type=\u00a0\u00bb1_3&Prime; _builder_version=\u00a0\u00bb4.20.0&Prime; _module_preset=\u00a0\u00bbdefault\u00a0\u00bb global_colors_info=\u00a0\u00bb{}\u00a0\u00bb][et_pb_image src=\u00a0\u00bbhttps:\/\/luisfilm.com\/wp-content\/uploads\/2023\/12\/clemence-julien-video-mariage-marie-saut-wedding-videaste-1.jpg\u00a0\u00bb alt=\u00a0\u00bbextrait video mariage clemence julien\u00a0\u00bb title_text=\u00a0\u00bbclemence-julien-video-mariage-marie-saut-wedding-videaste\u00a0\u00bb _builder_version=\u00a0\u00bb4.23.2&Prime; _module_preset=\u00a0\u00bbdefault\u00a0\u00bb background_color=\u00a0\u00bbRGBA(255,255,255,0)\u00a0\u00bb border_radii=\u00a0\u00bboff||||\u00a0\u00bb border_style_all=\u00a0\u00bbnone\u00a0\u00bb global_colors_info=\u00a0\u00bb{}\u00a0\u00bb][\/et_pb_image][et_pb_image src=\u00a0\u00bbhttps:\/\/luisfilm.com\/wp-content\/uploads\/2023\/12\/videaste-mariage-fun-video-wedding-bertille-guillaume.jpg\u00a0\u00bb alt=\u00a0\u00bbmariage orl\u00e9ans vid\u00e9aste\u00a0\u00bb title_text=\u00a0\u00bbvideaste-mariage-fun-video-wedding-bertille-guillaume\u00a0\u00bb _builder_version=\u00a0\u00bb4.23.4&Prime; _module_preset=\u00a0\u00bbdefault\u00a0\u00bb global_colors_info=\u00a0\u00bb{}\u00a0\u00bb][\/et_pb_image][\/et_pb_column][et_pb_column type=\u00a0\u00bb2_3&Prime; _builder_version=\u00a0\u00bb4.20.0&Prime; _module_preset=\u00a0\u00bbdefault\u00a0\u00bb global_colors_info=\u00a0\u00bb{}\u00a0\u00bb][et_pb_heading title=\u00a0\u00bbVous \u00eates unique, votre vid\u00e9o de mariage doit l&rsquo;\u00eatre aussi\u00a0\u00bb _builder_version=\u00a0\u00bb4.23.4&Prime; _module_preset=\u00a0\u00bbdefault\u00a0\u00bb title_font=\u00a0\u00bbPlayfair Display SC||||||||\u00a0\u00bb title_text_align=\u00a0\u00bbcenter\u00a0\u00bb background_color=\u00a0\u00bbRGBA(255,255,255,0)\u00a0\u00bb global_colors_info=\u00a0\u00bb{}\u00a0\u00bb][\/et_pb_heading][et_pb_blurb title=\u00a0\u00bbMission\u00a0\u00bb content_max_width=\u00a0\u00bb100%\u00a0\u00bb _builder_version=\u00a0\u00bb4.23.4&Prime; _module_preset=\u00a0\u00bbdefault\u00a0\u00bb header_text_align=\u00a0\u00bbleft\u00a0\u00bb body_text_align=\u00a0\u00bbleft\u00a0\u00bb global_colors_info=\u00a0\u00bb{}\u00a0\u00bb]<\/p>\n<div class=\"et_pb_with_border et_pb_module et_pb_blurb et_pb_blurb_0  et_pb_text_align_left  et_pb_blurb_position_left et_pb_bg_layout_light\">\n<div class=\"et_pb_blurb_content\">\n<div class=\"et_pb_blurb_container\">\n<p class=\"et_pb_module_header\" style=\"text-align: left;\"><span style=\"color: #666666; font-size: 14px;\">Are you looking for unique and original films? I capture those unforgettable moments for you who are looking for a wedding videographer in Orleans or elsewhere. I'm here to help you create intimate, emotionally powerful films. Visually arresting and cinematic in the extreme. Intentional yet natural.<\/span> of your wedding. Every couple is unique, and your film will be too! So I encourage you to sit back and watch some of the films as a wedding videographer as you browse through my portfolio.<\/p>\n<\/div>\n<\/div>\n<\/div>\n<p>[\/et_pb_blurb][et_pb_blurb title=\u00a0\u00bbEmotion\u00a0\u00bb content_max_width=\u00a0\u00bb100%\u00a0\u00bb _builder_version=\u00a0\u00bb4.23.4&Prime; _module_preset=\u00a0\u00bbdefault\u00a0\u00bb header_text_align=\u00a0\u00bbleft\u00a0\u00bb body_text_align=\u00a0\u00bbleft\u00a0\u00bb global_colors_info=\u00a0\u00bb{}\u00a0\u00bb]<\/p>\n<div class=\"et_pb_with_border et_pb_module et_pb_blurb et_pb_blurb_0  et_pb_text_align_left  et_pb_blurb_position_left et_pb_bg_layout_light\">\n<div class=\"et_pb_blurb_content\">\n<div class=\"et_pb_blurb_container\">\n<p class=\"et_pb_module_header\" style=\"text-align: left;\"><span style=\"color: #666666; font-size: 14px;\">My films evoke the authentic emotions you felt on your wedding day. Whether you're comfortable in front of the camera or not, I can capture the emotions and atmosphere of your wedding in your video. When you watch it, it'll be like stepping back in time to relive the day over and over again.<\/span><\/p>\n<\/div>\n<\/div>\n<\/div>\n<p>[\/et_pb_blurb][\/et_pb_column][\/et_pb_row][\/et_pb_section][et_pb_section fb_built=\u00a0\u00bb1&Prime; admin_label=\u00a0\u00bbDES INFOS SECR\u00c8TES SUR MOI ?\u00a0\u00bb _builder_version=\u00a0\u00bb4.23.2&Prime; _module_preset=\u00a0\u00bbdefault\u00a0\u00bb background_color=\u00a0\u00bb#FFFFFF\u00a0\u00bb global_colors_info=\u00a0\u00bb{}\u00a0\u00bb][et_pb_row column_structure=\u00a0\u00bb3_5,2_5&Prime; _builder_version=\u00a0\u00bb4.23.2&Prime; _module_preset=\u00a0\u00bbdefault\u00a0\u00bb background_color=\u00a0\u00bbRGBA(255,255,255,0)\u00a0\u00bb global_colors_info=\u00a0\u00bb{}\u00a0\u00bb][et_pb_column type=\u00a0\u00bb3_5&Prime; _builder_version=\u00a0\u00bb4.23.2&Prime; _module_preset=\u00a0\u00bbdefault\u00a0\u00bb global_colors_info=\u00a0\u00bb{}\u00a0\u00bb][et_pb_heading title=\u00a0\u00bbDes infos secr\u00e8tes sur moi ?\u00a0\u00bb _builder_version=\u00a0\u00bb4.23.2&Prime; _module_preset=\u00a0\u00bbdefault\u00a0\u00bb title_font=\u00a0\u00bbPlayfair Display SC||||||||\u00a0\u00bb background_color=\u00a0\u00bbRGBA(255,255,255,0)\u00a0\u00bb global_colors_info=\u00a0\u00bb{}\u00a0\u00bb][\/et_pb_heading][et_pb_toggle title=\u00a0\u00bbP\u00e9ch\u00e9 mignon insolite\u00a0\u00bb _builder_version=\u00a0\u00bb4.23.2&Prime; _module_preset=\u00a0\u00bbdefault\u00a0\u00bb global_colors_info=\u00a0\u00bb{}\u00a0\u00bb]<\/p>\n<blockquote>\n<p>I love Pat-\u00e0-Pain's flan. Don't ask me why, I don't know. I think they put a secret ingredient in it that makes me addicted.<\/p>\n<\/blockquote>\n<p>[\/et_pb_toggle][et_pb_toggle title=\u00a0\u00bbToc professionnel\u00a0\u00bb _builder_version=\u00a0\u00bb4.23.4&Prime; _module_preset=\u00a0\u00bbdefault\u00a0\u00bb global_colors_info=\u00a0\u00bb{}\u00a0\u00bb]<\/p>\n<div class=\"et_pb_blurb_container\">\n<blockquote>\n<h4 class=\"et_pb_module_header\"><span style=\"color: #666666; font-size: 14px;\">I'm always over-secure. I check things 65544163 times before I go out on a job. I make sure myself. I put everything in my bag the night before, and when I get up in the morning, I check it again. As if my cat would play a little joke on me during the night.<\/span><\/h4>\n<\/blockquote>\n<\/div>\n<p>[\/et_pb_toggle][et_pb_toggle title=\u00a0\u00bbCr\u00e9atif nocturne\u00a0\u00bb _builder_version=\u00a0\u00bb4.23.4&Prime; _module_preset=\u00a0\u00bbdefault\u00a0\u00bb global_colors_info=\u00a0\u00bb{}\u00a0\u00bb]<\/p>\n<div class=\"et_pb_blurb_container\">\n<blockquote>\n<h4 class=\"et_pb_module_header\"><span style=\"color: #666666; font-size: 14px;\">I rarely go to bed before 1am. I find that from 11:00 p.m. to 1:00, 2:00 or even 3:00 a.m. is when I'm at my most creative. As a result, it's often in the middle of the night that I edit your wedding video.<\/span><\/h4>\n<\/blockquote>\n<\/div>\n<p>[\/et_pb_toggle][\/et_pb_column][et_pb_column type=\u00a0\u00bb2_5&Prime; _builder_version=\u00a0\u00bb4.23.2&Prime; _module_preset=\u00a0\u00bbdefault\u00a0\u00bb global_colors_info=\u00a0\u00bb{}\u00a0\u00bb][et_pb_image src=\u00a0\u00bbhttps:\/\/luisfilm.com\/wp-content\/uploads\/2023\/12\/2023-12-21_14h56_44.png\u00a0\u00bb alt=\u00a0\u00bbquel type de videaste de mariage suis-je\u00a0\u00bb title_text=\u00a0\u00bbquel type de videaste de mariage suis-je\u00a0\u00bb _builder_version=\u00a0\u00bb4.23.2&Prime; _module_preset=\u00a0\u00bbdefault\u00a0\u00bb global_colors_info=\u00a0\u00bb{}\u00a0\u00bb][\/et_pb_image][\/et_pb_column][\/et_pb_row][\/et_pb_section]<\/p>","protected":false},"excerpt":{"rendered":"<p>J\u2019ai commenc\u00e9 par m\u2019int\u00e9resser \u00e0 la photographie et puis je me suis naturellement tourn\u00e9 vers un profil de vid\u00e9aste de mariage.Je suis une personne autodidacte et tr\u00e8s investie dans ce que je fais. Afin d\u2019am\u00e9liorer mes comp\u00e9tences en vid\u00e9o, j\u2019ai suivi des workshops avec des vid\u00e9astes de mariage que j\u2019adore. Cela a \u00e9t\u00e9 tr\u00e8s instructif [&hellip;]<\/p>","protected":false},"author":1,"featured_media":0,"parent":0,"menu_order":0,"comment_status":"closed","ping_status":"closed","template":"","meta":{"_et_pb_use_builder":"on","_et_pb_old_content":"","_et_gb_content_width":"","footnotes":""},"class_list":["post-393129","page","type-page","status-publish","hentry"],"jetpack_sharing_enabled":true,"_links":{"self":[{"href":"http:\/\/luisfilm.com\/en\/wp-json\/wp\/v2\/pages\/393129","targetHints":{"allow":["GET"]}}],"collection":[{"href":"http:\/\/luisfilm.com\/en\/wp-json\/wp\/v2\/pages"}],"about":[{"href":"http:\/\/luisfilm.com\/en\/wp-json\/wp\/v2\/types\/page"}],"author":[{"embeddable":true,"href":"http:\/\/luisfilm.com\/en\/wp-json\/wp\/v2\/users\/1"}],"replies":[{"embeddable":true,"href":"http:\/\/luisfilm.com\/en\/wp-json\/wp\/v2\/comments?post=393129"}],"version-history":[{"count":32,"href":"http:\/\/luisfilm.com\/en\/wp-json\/wp\/v2\/pages\/393129\/revisions"}],"predecessor-version":[{"id":395255,"href":"http:\/\/luisfilm.com\/en\/wp-json\/wp\/v2\/pages\/393129\/revisions\/395255"}],"wp:attachment":[{"href":"http:\/\/luisfilm.com\/en\/wp-json\/wp\/v2\/media?parent=393129"}],"curies":[{"name":"wp","href":"https:\/\/api.w.org\/{rel}","templated":true}]}}