{"id":394689,"date":"2023-11-28T04:46:22","date_gmt":"2023-11-28T04:46:22","guid":{"rendered":"https:\/\/lafactory.vip\/luisfilm\/?page_id=394689"},"modified":"2024-01-06T16:10:52","modified_gmt":"2024-01-06T15:10:52","slug":"making-of","status":"publish","type":"page","link":"http:\/\/luisfilm.com\/en\/making-of\/","title":{"rendered":"Making of"},"content":{"rendered":"<p>[et_pb_section fb_built=\u00a0\u00bb1&Prime; fullwidth=\u00a0\u00bbon\u00a0\u00bb _builder_version=\u00a0\u00bb4.23.4&Prime; _module_preset=\u00a0\u00bbdefault\u00a0\u00bb global_colors_info=\u00a0\u00bb{}\u00a0\u00bb][et_pb_fullwidth_code _builder_version=\u00a0\u00bb4.23.4&Prime; _module_preset=\u00a0\u00bbdefault\u00a0\u00bb custom_margin=\u00a0\u00bb-157px||-72px||false|false\u00a0\u00bb custom_padding=\u00a0\u00bb0px||||false|false\u00a0\u00bb hover_enabled=\u00a0\u00bb0&Prime; global_colors_info=\u00a0\u00bb{}\u00a0\u00bb disabled_on=\u00a0\u00bbon|off|off\u00a0\u00bb sticky_enabled=\u00a0\u00bb0&Prime;]<iframe src=\"https:\/\/player.vimeo.com\/video\/900383807?background=1&#038;autoplay=1&#038;loop=1&#038;byline=0&#038;title=0&#038;muted=1\" frameborder=\"0\" allowfullscreen=\"allowfullscreen\"><\/iframe>[\/et_pb_fullwidth_code][\/et_pb_section][et_pb_section fb_built=\u00a0\u00bb1&Prime; admin_label=\u00a0\u00bbAbout\u00a0\u00bb _builder_version=\u00a0\u00bb4.23.1&Prime; _module_preset=\u00a0\u00bbdefault\u00a0\u00bb background_color=\u00a0\u00bbgcid-c22116c1-81a4-4cbf-84dc-c3f928405165&Prime; collapsed=\u00a0\u00bboff\u00a0\u00bb global_colors_info=\u00a0\u00bb{%22gcid-c22116c1-81a4-4cbf-84dc-c3f928405165%22:%91%22background_color%22%93}\u00a0\u00bb][et_pb_row column_structure=\u00a0\u00bb1_2,1_2&Prime; _builder_version=\u00a0\u00bb4.20.0&Prime; _module_preset=\u00a0\u00bbdefault\u00a0\u00bb global_colors_info=\u00a0\u00bb{}\u00a0\u00bb][et_pb_column type=\u00a0\u00bb1_2&Prime; _builder_version=\u00a0\u00bb4.20.0&Prime; _module_preset=\u00a0\u00bbdefault\u00a0\u00bb global_colors_info=\u00a0\u00bb{}\u00a0\u00bb][et_pb_text _builder_version=\u00a0\u00bb4.23.1&Prime; _module_preset=\u00a0\u00bb49502f93-e36c-4a17-8709-0d0fe030ff12&Prime; header_2_font=\u00a0\u00bbPlayfair Display|700||on|||||\u00a0\u00bb header_2_text_color=\u00a0\u00bbgcid-dfca0e9b-c2d5-4a0d-bd54-692f77707a05&Prime; header_2_font_size=\u00a0\u00bb54px\u00a0\u00bb global_colors_info=\u00a0\u00bb{%22gcid-dfca0e9b-c2d5-4a0d-bd54-692f77707a05%22:%91%22header_2_text_color%22%93}\u00a0\u00bb]<\/p>\n<h2>Let's talk technology<\/h2>\n<p>[\/et_pb_text][et_pb_text _builder_version=\u00a0\u00bb4.23.1&Prime; _module_preset=\u00a0\u00bb634f4a17-5de1-48f4-b510-eba99aac08f5&Prime; text_text_color=\u00a0\u00bbgcid-dfca0e9b-c2d5-4a0d-bd54-692f77707a05&Prime; global_colors_info=\u00a0\u00bb{%22gcid-dfca0e9b-c2d5-4a0d-bd54-692f77707a05%22:%91%22text_text_color%22%93}\u00a0\u00bb]<\/p>\n<p>Although the activities of videographers and photographers are often likened to passions, it's important to distinguish between the fact of doing so as a professional, and the fact that every professional needs to be equipped with the right gear to make his or her day safer, and to be ready for any eventuality.<\/p>\n<p>&nbsp;<\/p>\n<p>Although the activities of videographers and photographers are often likened to passions, it's important to distinguish between the fact of doing so as a professional, and the fact that every professional needs to be equipped with the right gear to make his or her day safer, and to be ready for any eventuality.<br \/>I have a wide range of lenses. From 16mm wide angle to 135mm. This allows me to adapt to the environment, but also to have several angles of view to make the wedding video more dynamic.<br \/>Once D-day is over, I switch to post-production. I use DaVinci Resolve for video editing, color grading and audio overlay.<br \/>Thanks to this wide range of techniques, I'm able to deliver unique wedding videos that reflect your image.<\/p>\n<p>[\/et_pb_text][\/et_pb_column][et_pb_column type=\u00a0\u00bb1_2&Prime; _builder_version=\u00a0\u00bb4.20.0&Prime; _module_preset=\u00a0\u00bbdefault\u00a0\u00bb global_colors_info=\u00a0\u00bb{}\u00a0\u00bb][et_pb_image src=\u00a0\u00bbhttps:\/\/luisfilm.com\/wp-content\/uploads\/2023\/12\/videaste-sony-a7s3-setup-video.jpg\u00a0\u00bb title_text=\u00a0\u00bbvideaste-sony-a7s3-setup-video\u00a0\u00bb _builder_version=\u00a0\u00bb4.23.1&Prime; _module_preset=\u00a0\u00bbdefault\u00a0\u00bb border_radii=\u00a0\u00bboff|10px|300px|300px|10px\u00a0\u00bb global_colors_info=\u00a0\u00bb{}\u00a0\u00bb][\/et_pb_image][et_pb_image src=\u00a0\u00bbhttps:\/\/luisfilm.com\/wp-content\/uploads\/2023\/12\/video-mariage-davinci-resolve-montage.jpg\u00a0\u00bb title_text=\u00a0\u00bbvideo-mariage-davinci-resolve-montage\u00a0\u00bb _builder_version=\u00a0\u00bb4.23.1&Prime; _module_preset=\u00a0\u00bbdefault\u00a0\u00bb border_radii=\u00a0\u00bboff|10px|300px|300px|10px\u00a0\u00bb global_colors_info=\u00a0\u00bb{}\u00a0\u00bb][\/et_pb_image][\/et_pb_column][\/et_pb_row][\/et_pb_section]<\/p>","protected":false},"excerpt":{"rendered":"<p>Parlons techniqueBien qu\u2019on compare souvent les activit\u00e9s des vid\u00e9astes et des photographes \u00e0 des passions, il faut bien distinguer le fait de le faire en tant que professionnel.Tout professionnel se doit d\u2019\u00eatre \u00e9quip\u00e9 avec un mat\u00e9riel qui va d\u2019une part, s\u00e9curiser la journ\u00e9e et, apporter ce qu\u2019il faut pour \u00eatre pr\u00eat \u00e0 parer \u00e0 toute [&hellip;]<\/p>","protected":false},"author":1,"featured_media":0,"parent":0,"menu_order":0,"comment_status":"closed","ping_status":"closed","template":"","meta":{"_et_pb_use_builder":"on","_et_pb_old_content":"","_et_gb_content_width":"","footnotes":""},"class_list":["post-394689","page","type-page","status-publish","hentry"],"jetpack_sharing_enabled":true,"_links":{"self":[{"href":"http:\/\/luisfilm.com\/en\/wp-json\/wp\/v2\/pages\/394689","targetHints":{"allow":["GET"]}}],"collection":[{"href":"http:\/\/luisfilm.com\/en\/wp-json\/wp\/v2\/pages"}],"about":[{"href":"http:\/\/luisfilm.com\/en\/wp-json\/wp\/v2\/types\/page"}],"author":[{"embeddable":true,"href":"http:\/\/luisfilm.com\/en\/wp-json\/wp\/v2\/users\/1"}],"replies":[{"embeddable":true,"href":"http:\/\/luisfilm.com\/en\/wp-json\/wp\/v2\/comments?post=394689"}],"version-history":[{"count":10,"href":"http:\/\/luisfilm.com\/en\/wp-json\/wp\/v2\/pages\/394689\/revisions"}],"predecessor-version":[{"id":395279,"href":"http:\/\/luisfilm.com\/en\/wp-json\/wp\/v2\/pages\/394689\/revisions\/395279"}],"wp:attachment":[{"href":"http:\/\/luisfilm.com\/en\/wp-json\/wp\/v2\/media?parent=394689"}],"curies":[{"name":"wp","href":"https:\/\/api.w.org\/{rel}","templated":true}]}}