{"id":395318,"date":"2024-01-23T15:13:38","date_gmt":"2024-01-23T14:13:38","guid":{"rendered":"https:\/\/luisfilm.com\/?page_id=395318"},"modified":"2024-02-20T12:11:08","modified_gmt":"2024-02-20T11:11:08","slug":"journee-videaste-mariage-orleans-loiret","status":"publish","type":"page","link":"http:\/\/luisfilm.com\/en\/journee-videaste-mariage-orleans-loiret\/","title":{"rendered":"Mon blog"},"content":{"rendered":"<p>[et_pb_section fb_built=\u00a0\u00bb1&Prime; _builder_version=\u00a0\u00bb4.24.0&Prime; _module_preset=\u00a0\u00bbdefault\u00a0\u00bb global_colors_info=\u00a0\u00bb{}\u00a0\u00bb][et_pb_row _builder_version=\u00a0\u00bb4.24.0&Prime; _module_preset=\u00a0\u00bbdefault\u00a0\u00bb global_colors_info=\u00a0\u00bb{}\u00a0\u00bb][et_pb_column type=\u00a0\u00bb4_4&Prime; _builder_version=\u00a0\u00bb4.24.0&Prime; _module_preset=\u00a0\u00bbdefault\u00a0\u00bb global_colors_info=\u00a0\u00bb{}\u00a0\u00bb][et_pb_heading title=\u00a0\u00bbMa journ\u00e9e de Vid\u00e9aste de Mariage\u00a0\u00bb _builder_version=\u00a0\u00bb4.24.0&Prime; _module_preset=\u00a0\u00bbdefault\u00a0\u00bb global_colors_info=\u00a0\u00bb{}\u00a0\u00bb][\/et_pb_heading][\/et_pb_column][\/et_pb_row][et_pb_row column_structure=\u00a0\u00bb2_3,1_3&Prime; _builder_version=\u00a0\u00bb4.24.0&Prime; _module_preset=\u00a0\u00bbdefault\u00a0\u00bb global_colors_info=\u00a0\u00bb{}\u00a0\u00bb][et_pb_column type=\u00a0\u00bb2_3&Prime; _builder_version=\u00a0\u00bb4.24.0&Prime; _module_preset=\u00a0\u00bbdefault\u00a0\u00bb global_colors_info=\u00a0\u00bb{}\u00a0\u00bb][et_pb_text _builder_version=\u00a0\u00bb4.24.0&Prime; _module_preset=\u00a0\u00bbdefault\u00a0\u00bb global_colors_info=\u00a0\u00bb{}\u00a0\u00bb]<\/p>\n<p>Le r\u00e9veil sonne t\u00f4t, le jour du mariage est enfin arriv\u00e9. Mes yeux s\u2019ouvrent avec l\u2019excitation de capturer chaque moment magique de cette journ\u00e9e sp\u00e9ciale. En tant que vid\u00e9aste de mariage, je me pr\u00e9pare mentalement pour une journ\u00e9e remplie d\u2019\u00e9motions, de rires et d\u2019amour mais aussi une journ\u00e9e sportive ou il va falloir \u00eatre au taquet h24. Comme je suis d&rsquo;Orl\u00e9ans dans le Loiret, le r\u00e9veil est le jour m\u00eame. Bien \u00e9videmment, quand j&rsquo;ai un mariage loin d&rsquo;Orl\u00e9ans, je pars la veille et l&rsquo;adr\u00e9naline d&rsquo;avant mariage monte en moi car \u00e7a commence avant le Jour J !<\/p>\n<p>Mon \u00e9quipement est soigneusement pr\u00e9par\u00e9 la veille, mais je rev\u00e9rifie tout. La batterie de rechange, les cartes m\u00e9moire vides, les objectifs propres \u2013 rien ne doit \u00eatre laiss\u00e9 au hasard. Mon Sony A7SIII est mon partenaire fid\u00e8le, pr\u00eat \u00e0 immortaliser chaque instant de ce jour unique.<\/p>\n<p>En chemin vers le lieu du mariage, je prends le temps de visualiser le d\u00e9roulement de la journ\u00e9e. Les pr\u00e9paratifs commencent t\u00f4t, souvent avec la mari\u00e9e et ses demoiselles d\u2019honneur. L\u2019excitation dans l\u2019air est palpable, et ma mission est de la capturer de la mani\u00e8re la plus authentique possible.<\/p>\n<p>Une fois sur place, l\u2019atmosph\u00e8re est \u00e0 la fois intime et \u00e9lectrique. L\u2019effervescence r\u00e8gne dans la pi\u00e8ce, tandis que la mari\u00e9e, entour\u00e9e de ses proches, se pr\u00e9pare \u00e0 dire \u00ab\u00a0oui\u00a0\u00bb \u00e0 l\u2019amour de sa vie. La robe, les bijoux, le maquillage \u2013 chaque d\u00e9tail devient une pi\u00e8ce du puzzle que je m\u2019appr\u00eate \u00e0 assembler dans un r\u00e9cit visuel.<\/p>\n<p>Pendant ce temps, le mari\u00e9, non loin, est envelopp\u00e9 d\u2019une \u00e9nergie diff\u00e9rente. Les conversations masculines et les rires r\u00e9sonnent, cr\u00e9ant une toile de fond qui contraste avec la qui\u00e9tude f\u00e9minine. Mon objectif est de saisir l\u2019authenticit\u00e9 de ces moments, de capter l\u2019essence de l\u2019amour qui unit ces deux \u00e2mes.<\/p>\n<p>Apr\u00e8s les pr\u00e9paratifs de la mari\u00e9e et du mari\u00e9, je me dirige vers le lieu de la c\u00e9r\u00e9monie. Les invit\u00e9s commencent \u00e0 affluer, et je m\u2019assure de capturer l\u2019excitation et l\u2019anticipation dans leurs regards. Les moments pr\u00e9c\u00e9dant la c\u00e9r\u00e9monie sont tout aussi cruciaux que le moment o\u00f9 les portes s\u2019ouvrent et r\u00e9v\u00e8lent la mari\u00e9e.<\/p>\n<p>La coordination avec le photographe est cruciale. Nous sommes les gardiens visuels de cette journ\u00e9e, veillant \u00e0 ne manquer aucun sourire, aucun regard complice. Communiquer sans mots devient une danse, un \u00e9change tacite qui garantit la coh\u00e9rence et l\u2019excellence de nos cr\u00e9ations respectives.<\/p>\n<p>La journ\u00e9e se d\u00e9roule comme un tourbillon de moments pr\u00e9cieux. Des v\u0153ux \u00e9chang\u00e9s aux rires partag\u00e9s, chaque instant est enregistr\u00e9 avec soin. En tant que vid\u00e9aste de mariage, je suis conscient de l\u2019importance de saisir l\u2019essence de chaque moment, car ces souvenirs resteront grav\u00e9s dans le c\u0153ur des mari\u00e9s pour toujours.<\/p>\n<p>\u00c0 la fin de la journ\u00e9e, alors que les festivit\u00e9s battent leur plein, je prends souvent un moment pour observer les personnes pr\u00e9sentes, vivre le moment pour m\u2019impreigner de l\u2019ambiance. Mon travail consiste \u00e0 capturer l\u2019instant, mais c\u2019est aussi un privil\u00e8ge de partager ces moments intimes. En tant que vid\u00e9aste de mariage, je suis t\u00e9moin de l\u2019amour sous sa forme la plus pure, et cela fait de chaque journ\u00e9e de travail une aventure extraordinaire.<\/p>\n<p>Il est temps pour moi de quitter les lieux mais l\u2019aventure n\u2019est pas termin\u00e9 pour autant, dans un premier temps, sauvegardes des cartes m\u00e9moires puis dodo. Ensuite s\u2019encha\u00eenera la post-production, c\u2019est \u00e0 dire le montage\u2026mais cela est une autre histoire<\/p>\n<p>[\/et_pb_text][\/et_pb_column][et_pb_column type=\u00a0\u00bb1_3&Prime; _builder_version=\u00a0\u00bb4.24.0&Prime; _module_preset=\u00a0\u00bbdefault\u00a0\u00bb global_colors_info=\u00a0\u00bb{}\u00a0\u00bb][et_pb_image src=\u00a0\u00bbhttps:\/\/luisfilm.com\/wp-content\/uploads\/2023\/12\/luis-patarata-videaste-loiret-mariage.jpg\u00a0\u00bb alt=\u00a0\u00bbluis patarata vid\u00e9aste mariage Orl\u00e9ans Loiret\u00a0\u00bb title_text=\u00a0\u00bbluis-patarata-videaste-loiret-mariage\u00a0\u00bb _builder_version=\u00a0\u00bb4.24.0&Prime; _module_preset=\u00a0\u00bbdefault\u00a0\u00bb global_colors_info=\u00a0\u00bb{}\u00a0\u00bb][\/et_pb_image][\/et_pb_column][\/et_pb_row][\/et_pb_section][et_pb_section fb_built=\u00a0\u00bb1&Prime; _builder_version=\u00a0\u00bb4.24.0&Prime; _module_preset=\u00a0\u00bbdefault\u00a0\u00bb global_colors_info=\u00a0\u00bb{}\u00a0\u00bb][et_pb_row _builder_version=\u00a0\u00bb4.24.0&Prime; _module_preset=\u00a0\u00bbdefault\u00a0\u00bb global_colors_info=\u00a0\u00bb{}\u00a0\u00bb][et_pb_column type=\u00a0\u00bb4_4&Prime; _builder_version=\u00a0\u00bb4.24.0&Prime; _module_preset=\u00a0\u00bbdefault\u00a0\u00bb global_colors_info=\u00a0\u00bb{}\u00a0\u00bb][et_pb_heading title=\u00a0\u00bbPr\u00e9paration de l&rsquo;ann\u00e9e \u00e0 venir\u00a0\u00bb _builder_version=\u00a0\u00bb4.24.1&Prime; _module_preset=\u00a0\u00bbdefault\u00a0\u00bb hover_enabled=\u00a0\u00bb0&Prime; global_colors_info=\u00a0\u00bb{}\u00a0\u00bb sticky_enabled=\u00a0\u00bb0&Prime;][\/et_pb_heading][\/et_pb_column][\/et_pb_row][et_pb_row column_structure=\u00a0\u00bb2_3,1_3&Prime; _builder_version=\u00a0\u00bb4.24.0&Prime; _module_preset=\u00a0\u00bbdefault\u00a0\u00bb global_colors_info=\u00a0\u00bb{}\u00a0\u00bb][et_pb_column type=\u00a0\u00bb2_3&Prime; _builder_version=\u00a0\u00bb4.24.0&Prime; _module_preset=\u00a0\u00bbdefault\u00a0\u00bb global_colors_info=\u00a0\u00bb{}\u00a0\u00bb][et_pb_text _builder_version=\u00a0\u00bb4.24.1&Prime; _module_preset=\u00a0\u00bbdefault\u00a0\u00bb hover_enabled=\u00a0\u00bb0&Prime; global_colors_info=\u00a0\u00bb{}\u00a0\u00bb sticky_enabled=\u00a0\u00bb0&Prime;]Plongez dans mon monde passionnant de pr\u00e9paration en tant que vid\u00e9aste de mariage pour mon ann\u00e9e \u00e0 venir de reportage. Laissez-vous transporter par la magie des moments captur\u00e9s, o\u00f9 l&rsquo;amour et l&rsquo;\u00e9motion sont au c\u0153ur de chaque image. D\u00e9couvrez l&rsquo;art subtil de raconter des histoires d&rsquo;amour uniques, immortalis\u00e9es avec talent et cr\u00e9ativit\u00e9. Rejoignez-moi dans cette aventure cin\u00e9matographique o\u00f9 chaque instant est une occasion de cr\u00e9er des souvenirs \u00e9ternels. Pr\u00e9parez-vous \u00e0 vivre une exp\u00e9rience visuelle exceptionnelle avec mon d\u00e9vouement \u00e0 capturer et partager votre bonheur avec le monde.[\/et_pb_text][\/et_pb_column][et_pb_column type=\u00a0\u00bb1_3&Prime; _builder_version=\u00a0\u00bb4.24.0&Prime; _module_preset=\u00a0\u00bbdefault\u00a0\u00bb global_colors_info=\u00a0\u00bb{}\u00a0\u00bb][et_pb_image src=\u00a0\u00bbhttps:\/\/luisfilm.com\/wp-content\/uploads\/2023\/12\/luis-patarata-videaste-loiret-mariage.jpg\u00a0\u00bb alt=\u00a0\u00bbluis patarata vid\u00e9aste mariage Orl\u00e9ans Loiret\u00a0\u00bb title_text=\u00a0\u00bbluis-patarata-videaste-loiret-mariage\u00a0\u00bb _builder_version=\u00a0\u00bb4.24.0&Prime; _module_preset=\u00a0\u00bbdefault\u00a0\u00bb global_colors_info=\u00a0\u00bb{}\u00a0\u00bb][\/et_pb_image][\/et_pb_column][\/et_pb_row][\/et_pb_section]<\/p>","protected":false},"excerpt":{"rendered":"<p>Le r\u00e9veil sonne t\u00f4t, le jour du mariage est enfin arriv\u00e9. Mes yeux s\u2019ouvrent avec l\u2019excitation de capturer chaque moment magique de cette journ\u00e9e sp\u00e9ciale. En tant que vid\u00e9aste de mariage, je me pr\u00e9pare mentalement pour une journ\u00e9e remplie d\u2019\u00e9motions, de rires et d\u2019amour mais aussi une journ\u00e9e sportive ou il va falloir \u00eatre au [&hellip;]<\/p>","protected":false},"author":1,"featured_media":0,"parent":0,"menu_order":0,"comment_status":"closed","ping_status":"closed","template":"","meta":{"_et_pb_use_builder":"on","_et_pb_old_content":"","_et_gb_content_width":"","footnotes":""},"class_list":["post-395318","page","type-page","status-publish","hentry"],"jetpack_sharing_enabled":true,"_links":{"self":[{"href":"http:\/\/luisfilm.com\/en\/wp-json\/wp\/v2\/pages\/395318","targetHints":{"allow":["GET"]}}],"collection":[{"href":"http:\/\/luisfilm.com\/en\/wp-json\/wp\/v2\/pages"}],"about":[{"href":"http:\/\/luisfilm.com\/en\/wp-json\/wp\/v2\/types\/page"}],"author":[{"embeddable":true,"href":"http:\/\/luisfilm.com\/en\/wp-json\/wp\/v2\/users\/1"}],"replies":[{"embeddable":true,"href":"http:\/\/luisfilm.com\/en\/wp-json\/wp\/v2\/comments?post=395318"}],"version-history":[{"count":5,"href":"http:\/\/luisfilm.com\/en\/wp-json\/wp\/v2\/pages\/395318\/revisions"}],"predecessor-version":[{"id":395329,"href":"http:\/\/luisfilm.com\/en\/wp-json\/wp\/v2\/pages\/395318\/revisions\/395329"}],"wp:attachment":[{"href":"http:\/\/luisfilm.com\/en\/wp-json\/wp\/v2\/media?parent=395318"}],"curies":[{"name":"wp","href":"https:\/\/api.w.org\/{rel}","templated":true}]}}