{"id":392932,"date":"2023-11-21T02:25:48","date_gmt":"2023-11-21T02:25:48","guid":{"rendered":"https:\/\/lafactory.vip\/luisfilm\/?page_id=392932"},"modified":"2023-12-09T23:54:35","modified_gmt":"2023-12-09T23:54:35","slug":"video-mariage-aurelie-sebastien-loiret","status":"publish","type":"page","link":"https:\/\/luisfilm.com\/en\/video-mariage-aurelie-sebastien-loiret\/","title":{"rendered":"Vid\u00e9o Mariage Aur\u00e9lie &#038; S\u00e9bastien"},"content":{"rendered":"<p>[et_pb_section fb_built=\u00a0\u00bb1&Prime; _builder_version=\u00a0\u00bb4.23.1&Prime; _module_preset=\u00a0\u00bbdefault\u00a0\u00bb custom_margin=\u00a0\u00bb0px||0px||true|false\u00a0\u00bb custom_padding=\u00a0\u00bb0px||0px||true|false\u00a0\u00bb global_colors_info=\u00a0\u00bb{}\u00a0\u00bb][et_pb_row _builder_version=\u00a0\u00bb4.23.1&Prime; _module_preset=\u00a0\u00bbdefault\u00a0\u00bb width=\u00a0\u00bb100%\u00a0\u00bb max_width=\u00a0\u00bbnone\u00a0\u00bb module_alignment=\u00a0\u00bbcenter\u00a0\u00bb custom_margin=\u00a0\u00bb0px||0px||true|false\u00a0\u00bb custom_padding=\u00a0\u00bb0px||0px||true|false\u00a0\u00bb global_colors_info=\u00a0\u00bb{}\u00a0\u00bb][et_pb_column type=\u00a0\u00bb4_4&Prime; _builder_version=\u00a0\u00bb4.23.1&Prime; _module_preset=\u00a0\u00bbdefault\u00a0\u00bb global_colors_info=\u00a0\u00bb{}\u00a0\u00bb][et_pb_video src=\u00a0\u00bbhttps:\/\/player.vimeo.com\/video\/300048694&Prime; _builder_version=\u00a0\u00bb4.23.1&Prime; _module_preset=\u00a0\u00bbdefault\u00a0\u00bb custom_margin=\u00a0\u00bb-4px|||||\u00a0\u00bb global_colors_info=\u00a0\u00bb{}\u00a0\u00bb][\/et_pb_video][\/et_pb_column][\/et_pb_row][\/et_pb_section][et_pb_section fb_built=\u00a0\u00bb1&Prime; _builder_version=\u00a0\u00bb4.23.1&Prime; _module_preset=\u00a0\u00bbdefault\u00a0\u00bb global_colors_info=\u00a0\u00bb{}\u00a0\u00bb][et_pb_row _builder_version=\u00a0\u00bb4.23.1&Prime; _module_preset=\u00a0\u00bbdefault\u00a0\u00bb global_colors_info=\u00a0\u00bb{}\u00a0\u00bb][et_pb_column type=\u00a0\u00bb4_4&Prime; _builder_version=\u00a0\u00bb4.23.1&Prime; _module_preset=\u00a0\u00bbdefault\u00a0\u00bb global_colors_info=\u00a0\u00bb{}\u00a0\u00bb][dsm_text_divider header=\u00a0\u00bbAur\u00e9lie &#038; S\u00e9bastien \u00a0\u00bb admin_label=\u00a0\u00bbSupreme Text Divider\u00a0\u00bb _builder_version=\u00a0\u00bb4.23.1&Prime; _module_preset=\u00a0\u00bbdefault\u00a0\u00bb header_level=\u00a0\u00bbh2&Prime; header_font=\u00a0\u00bbPlayfair Display||||||||\u00a0\u00bb header_font_size=\u00a0\u00bb47px\u00a0\u00bb global_colors_info=\u00a0\u00bb{}\u00a0\u00bb][\/dsm_text_divider][difl_packerygallery tablet_view=\u00a0\u00bb2&Prime; load_more=\u00a0\u00bbon\u00a0\u00bb load_more_text=\u00a0\u00bbPlus d&rsquo;images\u00a0\u00bb use_lightbox=\u00a0\u00bbon\u00a0\u00bb use_lightbox_content=\u00a0\u00bbon\u00a0\u00bb overlay=\u00a0\u00bbon\u00a0\u00bb overlay_secondary=\u00a0\u00bbRGBA(255,255,255,0)\u00a0\u00bb border_anim=\u00a0\u00bbon\u00a0\u00bb anm_border_color=\u00a0\u00bb#000000&Prime; more_btn_bg_bgcolor=\u00a0\u00bb#424242&Prime; more_btn_use_icon=\u00a0\u00bboff\u00a0\u00bb _builder_version=\u00a0\u00bb4.23.1&Prime; _module_preset=\u00a0\u00bbdefault\u00a0\u00bb more_btn_text_color=\u00a0\u00bb#FFFFFF\u00a0\u00bb more_btn_font_size=\u00a0\u00bb21px\u00a0\u00bb hover_enabled=\u00a0\u00bb0&Prime; global_colors_info=\u00a0\u00bb{}\u00a0\u00bb more_btn_bg_bgcolor__hover_enabled=\u00a0\u00bbon|desktop\u00a0\u00bb more_btn_bg_bgcolor__hover=\u00a0\u00bb#000000&Prime; gallery=\u00a0\u00bb394934,394927,394926,394925,394935,394936,394924,394933,394923,394932,394922,394931,394921,394930,394920,394929,394919,394928,394918&Prime; sticky_enabled=\u00a0\u00bb0&Prime;][\/difl_packerygallery][\/et_pb_column][\/et_pb_row][\/et_pb_section]<\/p>","protected":false},"excerpt":{"rendered":"<p><div class=\"et_pb_module dsm_text_divider dsm_text_divider_0\">\n\t\t\t\t\n\t\t\t\t\n\t\t\t\t\n\t\t\t\t\n\t\t\t\t\n\t\t\t\t\n\t\t\t\t<div class=\"et_pb_module_inner\">\n\t\t\t\t\t<div class=\"dsm-text-divider-wrapper dsm-text-divider-align-center et_pb_bg_layout_light\">\n\t\t\t\t\n\t\t\t\t\n\t\t\t\t<div class=\"dsm-text-divider-before dsm-divider\"><\/div>\n\t\t\t\t<h2 class=\"dsm-text-divider-header et_pb_module_header\"><span>Aur\u00e9lie &#038; S\u00e9bastien <\/span><\/h2>\n\t\t\t\t<div class=\"dsm-text-divider-after dsm-divider\"><\/div>\n\t\t\t<\/div>\n\t\t\t\t<\/div>\n\t\t\t<\/div><div class=\"et_pb_with_border et_pb_module difl_packerygallery difl_packerygallery_0\">\n\t\t\t\t\n\t\t\t\t\n\t\t\t\t\n\t\t\t\t\n\t\t\t\t\n\t\t\t\t\n\t\t\t\t<div class=\"et_pb_module_inner\">\n\t\t\t\t\t<div class=\"df_pg_container ig_has_lightbox\" data-settings='{\"gallery\":\"394934,394927,394926,394925,394935,394936,394924,394933,394923,394932,394922,394931,394921,394930,394920,394929,394919,394928,394918\",\"pg_layout\":\"one\",\"space_between\":\"20px\",\"show_caption\":\"off\",\"show_description\":\"off\",\"load_more\":\"on\",\"image_count\":\"4\",\"init_count\":\"6\",\"use_lightbox_content\":\"on\",\"use_lightbox\":\"on\",\"use_lightbox_download\":\"off\",\"content_reveal_caption\":\"c4-fade-up\",\"content_reveal_description\":\"c4-fade-up\",\"content_position\":\"c4-layout-top-left\",\"always_show_title\":\"off\",\"always_show_description\":\"off\",\"overlay\":\"on\",\"caption_tag\":\"h4\",\"description_tag\":\"p\",\"border_anim\":\"on\",\"border_anm_style\":\"c4-border-fade\",\"use_url\":\"off\",\"url_target\":\"same_window\",\"keep_dsk_tab\":\"off\"}'>\r\n                <div class=\"df_pg_inner\">\r\n                    <div class=\"df_pg_item\" data-src=\"https:\/\/luisfilm.com\/wp-content\/uploads\/2023\/12\/video-mariage-sceance-orleans-videaste-aurelie-sebastien.jpg\"  >\r\n                <figure class=\"c4-izmir df_pg_image no-image-scale  has_overlay c4-border-fade\"  style=\"background-image:url(https:\/\/i0.wp.com\/luisfilm.com\/wp-content\/uploads\/2023\/12\/video-mariage-sceance-orleans-videaste-aurelie-sebastien.jpg?fit=1024%2C422&amp;ssl=1);\">\r\n                    <span class=\"df-overlay\"><\/span>\r\n                    <figcaption class=\"df_pg_content c4-layout-top-left\">\r\n                        \r\n                    <\/figcaption>\r\n                <\/figure><\/div><div class=\"df_pg_item\" data-src=\"https:\/\/luisfilm.com\/wp-content\/uploads\/2023\/12\/video-mariage-mairie-orleans-videaste-aurelie-sebastien.jpg\"  >\r\n                <figure class=\"c4-izmir df_pg_image no-image-scale  has_overlay c4-border-fade\"  style=\"background-image:url(https:\/\/i0.wp.com\/luisfilm.com\/wp-content\/uploads\/2023\/12\/video-mariage-mairie-orleans-videaste-aurelie-sebastien.jpg?fit=1024%2C421&amp;ssl=1);\">\r\n                    <span class=\"df-overlay\"><\/span>\r\n                    <figcaption class=\"df_pg_content c4-layout-top-left\">\r\n                        \r\n                    <\/figcaption>\r\n                <\/figure><\/div><div class=\"df_pg_item df_pg_item--width-height2\" data-src=\"https:\/\/luisfilm.com\/wp-content\/uploads\/2023\/12\/video-mariage-kiss-orleans-videaste-aurelie-sebastien.jpg\"  >\r\n                <figure class=\"c4-izmir df_pg_image no-image-scale  has_overlay c4-border-fade\"  style=\"background-image:url(https:\/\/i0.wp.com\/luisfilm.com\/wp-content\/uploads\/2023\/12\/video-mariage-kiss-orleans-videaste-aurelie-sebastien.jpg?fit=1024%2C424&amp;ssl=1);\">\r\n                    <span class=\"df-overlay\"><\/span>\r\n                    <figcaption class=\"df_pg_content c4-layout-top-left\">\r\n                        \r\n                    <\/figcaption>\r\n                <\/figure><\/div><div class=\"df_pg_item df_pg_item--width2\" data-src=\"https:\/\/luisfilm.com\/wp-content\/uploads\/2023\/12\/video-mariage-groupe-orleans-videaste-aurelie-sebastien.jpg\"  >\r\n                <figure class=\"c4-izmir df_pg_image no-image-scale  has_overlay c4-border-fade\"  style=\"background-image:url(https:\/\/i0.wp.com\/luisfilm.com\/wp-content\/uploads\/2023\/12\/video-mariage-groupe-orleans-videaste-aurelie-sebastien.jpg?fit=1024%2C424&amp;ssl=1);\">\r\n                    <span class=\"df-overlay\"><\/span>\r\n                    <figcaption class=\"df_pg_content c4-layout-top-left\">\r\n                        \r\n                    <\/figcaption>\r\n                <\/figure><\/div><div class=\"df_pg_item df_pg_item--width-height2\" data-src=\"https:\/\/luisfilm.com\/wp-content\/uploads\/2023\/12\/video-mariage-soiree-orleans-videaste-aurelie-sebastien.jpg\"  >\r\n                <figure class=\"c4-izmir df_pg_image no-image-scale  has_overlay c4-border-fade\"  style=\"background-image:url(https:\/\/i0.wp.com\/luisfilm.com\/wp-content\/uploads\/2023\/12\/video-mariage-soiree-orleans-videaste-aurelie-sebastien.jpg?fit=1024%2C427&amp;ssl=1);\">\r\n                    <span class=\"df-overlay\"><\/span>\r\n                    <figcaption class=\"df_pg_content c4-layout-top-left\">\r\n                        \r\n                    <\/figcaption>\r\n                <\/figure><\/div><div class=\"df_pg_item\" data-src=\"https:\/\/luisfilm.com\/wp-content\/uploads\/2023\/12\/video-mariage-soirees-orleans-videaste-aurelie-sebastien.jpg\"  >\r\n                <figure class=\"c4-izmir df_pg_image no-image-scale  has_overlay c4-border-fade\"  style=\"background-image:url(https:\/\/i0.wp.com\/luisfilm.com\/wp-content\/uploads\/2023\/12\/video-mariage-soirees-orleans-videaste-aurelie-sebastien.jpg?fit=1024%2C428&amp;ssl=1);\">\r\n                    <span class=\"df-overlay\"><\/span>\r\n                    <figcaption class=\"df_pg_content c4-layout-top-left\">\r\n                        \r\n                    <\/figcaption>\r\n                <\/figure><\/div>\r\n                <\/div>\r\n                <div class=\"df_pg_button_container\">\r\n                    <button class=\"pg-more-image-btn\" data-loaded=\"6\">Load More \r\n                    <span class=\"spinner\">\r\n                        <svg width=\"135\" height=\"140\" viewbox=\"0 0 135 140\" xmlns=\"http:\/\/www.w3.org\/2000\/svg\" fill=\"#fff\">\r\n                            <rect y=\"10\" width=\"15\" height=\"120\" rx=\"6\">\r\n                                <animate attributename=\"height\"\r\n                                    begin=\"0.5s\" dur=\"1s\"\r\n                                    values=\"120;110;100;90;80;70;60;50;40;140;120\" calcmode=\"linear\"\r\n                                    repeatcount=\"indefinite\" \/>\r\n                                <animate attributename=\"y\"\r\n                                    begin=\"0.5s\" dur=\"1s\"\r\n                                    values=\"10;15;20;25;30;35;40;45;50;0;10\" calcmode=\"linear\"\r\n                                    repeatcount=\"indefinite\" \/>\r\n                            <\/rect>\r\n                            <rect x=\"30\" y=\"10\" width=\"15\" height=\"120\" rx=\"6\">\r\n                                <animate attributename=\"height\"\r\n                                    begin=\"0.25s\" dur=\"1s\"\r\n                                    values=\"120;110;100;90;80;70;60;50;40;140;120\" calcmode=\"linear\"\r\n                                    repeatcount=\"indefinite\" \/>\r\n                                <animate attributename=\"y\"\r\n                                    begin=\"0.25s\" dur=\"1s\"\r\n                                    values=\"10;15;20;25;30;35;40;45;50;0;10\" calcmode=\"linear\"\r\n                                    repeatcount=\"indefinite\" \/>\r\n                            <\/rect>\r\n                            <rect x=\"60\" width=\"15\" height=\"140\" rx=\"6\">\r\n                                <animate attributename=\"height\"\r\n                                    begin=\"0s\" dur=\"1s\"\r\n                                    values=\"120;110;100;90;80;70;60;50;40;140;120\" calcmode=\"linear\"\r\n                                    repeatcount=\"indefinite\" \/>\r\n                                <animate attributename=\"y\"\r\n                                    begin=\"0s\" dur=\"1s\"\r\n                                    values=\"10;15;20;25;30;35;40;45;50;0;10\" calcmode=\"linear\"\r\n                                    repeatcount=\"indefinite\" \/>\r\n                            <\/rect>\r\n                            <rect x=\"90\" y=\"10\" width=\"15\" height=\"120\" rx=\"6\">\r\n                                <animate attributename=\"height\"\r\n                                    begin=\"0.25s\" dur=\"1s\"\r\n                                    values=\"120;110;100;90;80;70;60;50;40;140;120\" calcmode=\"linear\"\r\n                                    repeatcount=\"indefinite\" \/>\r\n                                <animate attributename=\"y\"\r\n                                    begin=\"0.25s\" dur=\"1s\"\r\n                                    values=\"10;15;20;25;30;35;40;45;50;0;10\" calcmode=\"linear\"\r\n                                    repeatcount=\"indefinite\" \/>\r\n                            <\/rect>\r\n                            <rect x=\"120\" y=\"10\" width=\"15\" height=\"120\" rx=\"6\">\r\n                                <animate attributename=\"height\"\r\n                                    begin=\"0.5s\" dur=\"1s\"\r\n                                    values=\"120;110;100;90;80;70;60;50;40;140;120\" calcmode=\"linear\"\r\n                                    repeatcount=\"indefinite\" \/>\r\n                                <animate attributename=\"y\"\r\n                                    begin=\"0.5s\" dur=\"1s\"\r\n                                    values=\"10;15;20;25;30;35;40;45;50;0;10\" calcmode=\"linear\"\r\n                                    repeatcount=\"indefinite\" \/>\r\n                            <\/rect>\r\n                        <\/svg>\r\n                    <\/span><\/button>\r\n                <\/div>\r\n            <\/div>\n\t\t\t\t<\/div>\n\t\t\t<\/div><\/p>","protected":false},"author":1,"featured_media":0,"parent":0,"menu_order":0,"comment_status":"closed","ping_status":"closed","template":"","meta":{"_et_pb_use_builder":"on","_et_pb_old_content":"","_et_gb_content_width":"","footnotes":""},"class_list":["post-392932","page","type-page","status-publish","hentry"],"jetpack_sharing_enabled":true,"_links":{"self":[{"href":"https:\/\/luisfilm.com\/en\/wp-json\/wp\/v2\/pages\/392932","targetHints":{"allow":["GET"]}}],"collection":[{"href":"https:\/\/luisfilm.com\/en\/wp-json\/wp\/v2\/pages"}],"about":[{"href":"https:\/\/luisfilm.com\/en\/wp-json\/wp\/v2\/types\/page"}],"author":[{"embeddable":true,"href":"https:\/\/luisfilm.com\/en\/wp-json\/wp\/v2\/users\/1"}],"replies":[{"embeddable":true,"href":"https:\/\/luisfilm.com\/en\/wp-json\/wp\/v2\/comments?post=392932"}],"version-history":[{"count":6,"href":"https:\/\/luisfilm.com\/en\/wp-json\/wp\/v2\/pages\/392932\/revisions"}],"predecessor-version":[{"id":394985,"href":"https:\/\/luisfilm.com\/en\/wp-json\/wp\/v2\/pages\/392932\/revisions\/394985"}],"wp:attachment":[{"href":"https:\/\/luisfilm.com\/en\/wp-json\/wp\/v2\/media?parent=392932"}],"curies":[{"name":"wp","href":"https:\/\/api.w.org\/{rel}","templated":true}]}}