{"id":394573,"date":"2023-11-23T04:18:45","date_gmt":"2023-11-23T04:18:45","guid":{"rendered":"https:\/\/lafactory.vip\/luisfilm\/?page_id=394573"},"modified":"2023-11-24T05:26:57","modified_gmt":"2023-11-24T05:26:57","slug":"mentions-legales","status":"publish","type":"page","link":"https:\/\/luisfilm.com\/en\/mentions-legales\/","title":{"rendered":"Terms of use"},"content":{"rendered":"<p>[et_pb_section fb_built=\u00a0\u00bb1&Prime; admin_label=\u00a0\u00bbHeader\u00a0\u00bb _builder_version=\u00a0\u00bb4.23.1&Prime; _module_preset=\u00a0\u00bbdefault\u00a0\u00bb background_image=\u00a0\u00bbhttps:\/\/luisfilm.com\/wp-content\/uploads\/2023\/11\/2-7e284be4-6cdd-47e1-9ba7-1f5786c46040-1184&#215;640.jpg\u00a0\u00bb custom_padding=\u00a0\u00bb6vw||6vw||true|false\u00a0\u00bb collapsed=\u00a0\u00bbon\u00a0\u00bb global_colors_info=\u00a0\u00bb{}\u00a0\u00bb theme_builder_area=\u00a0\u00bbpost_content\u00a0\u00bb][et_pb_row _builder_version=\u00a0\u00bb4.23.1&Prime; _module_preset=\u00a0\u00bbdefault\u00a0\u00bb background_color=\u00a0\u00bbrgba(0,0,0,0.8)\u00a0\u00bb custom_padding=\u00a0\u00bb|30px||30px|false|true\u00a0\u00bb border_radii=\u00a0\u00bbon|10px|10px|10px|10px\u00a0\u00bb global_colors_info=\u00a0\u00bb{}\u00a0\u00bb theme_builder_area=\u00a0\u00bbpost_content\u00a0\u00bb][et_pb_column type=\u00a0\u00bb4_4&Prime; _builder_version=\u00a0\u00bb4.20.0&Prime; _module_preset=\u00a0\u00bbdefault\u00a0\u00bb global_colors_info=\u00a0\u00bb{}\u00a0\u00bb theme_builder_area=\u00a0\u00bbpost_content\u00a0\u00bb][et_pb_text _builder_version=\u00a0\u00bb4.23.1&Prime; _module_preset=\u00a0\u00bbcee93638-6dbf-4af8-8f23-e4b352ecb2af\u00a0\u00bb header_font=\u00a0\u00bbPlayfair Display|700||on|||||\u00a0\u00bb header_text_color=\u00a0\u00bb#FFFFFF\u00a0\u00bb text_orientation=\u00a0\u00bbcenter\u00a0\u00bb global_colors_info=\u00a0\u00bb{%22gcid-dfca0e9b-c2d5-4a0d-bd54-692f77707a05%22:%91%22header_text_color%22%93}\u00a0\u00bb theme_builder_area=\u00a0\u00bbpost_content\u00a0\u00bb]<\/p>\n<h1>Terms of use<\/h1>\n<p>[\/et_pb_text][\/et_pb_column][\/et_pb_row][\/et_pb_section][et_pb_section fb_built=\u00a0\u00bb1&Prime; theme_builder_area=\u00a0\u00bbpost_content\u00a0\u00bb _builder_version=\u00a0\u00bb4.23.1&Prime; _module_preset=\u00a0\u00bbdefault\u00a0\u00bb][et_pb_row _builder_version=\u00a0\u00bb4.23.1&Prime; _module_preset=\u00a0\u00bbdefault\u00a0\u00bb theme_builder_area=\u00a0\u00bbpost_content\u00a0\u00bb column_structure=\u00a0\u00bb1_3,1_3,1_3&Prime;][et_pb_column _builder_version=\u00a0\u00bb4.23.1&Prime; _module_preset=\u00a0\u00bbdefault\u00a0\u00bb type=\u00a0\u00bb1_3&Prime; theme_builder_area=\u00a0\u00bbpost_content\u00a0\u00bb][\/et_pb_column][et_pb_column _builder_version=\u00a0\u00bb4.23.1&Prime; _module_preset=\u00a0\u00bbdefault\u00a0\u00bb type=\u00a0\u00bb1_3&Prime; theme_builder_area=\u00a0\u00bbpost_content\u00a0\u00bb][et_pb_text _builder_version=\u00a0\u00bb4.23.1&Prime; _module_preset=\u00a0\u00bbdefault\u00a0\u00bb theme_builder_area=\u00a0\u00bbpost_content\u00a0\u00bb hover_enabled=\u00a0\u00bb0&Prime; sticky_enabled=\u00a0\u00bb0&Prime;]<\/p>\n<p><span>Autoentrepreneur : MONSIEUR LUIS PATARATA<\/span><br \/><span>Num\u00e9ro SIRET (si\u00e8ge) 45338086700029<\/span><br \/><span>Adresse : 5 place de la nouvelle Orl\u00e9ans &#8211; 45000 Orl\u00e9ans &#8211; France<\/span><br \/><span>Hebergeur : OVH &#8211; SI\u00e8ge social \u00e0 Roubaix<\/span><\/p>\n<p>[\/et_pb_text][\/et_pb_column][et_pb_column _builder_version=\u00a0\u00bb4.23.1&Prime; _module_preset=\u00a0\u00bbdefault\u00a0\u00bb type=\u00a0\u00bb1_3&Prime; theme_builder_area=\u00a0\u00bbpost_content\u00a0\u00bb][\/et_pb_column][\/et_pb_row][\/et_pb_section]<\/p>","protected":false},"excerpt":{"rendered":"<p>Mentions l\u00e9galesAutoentrepreneur : MONSIEUR LUIS PATARATANum\u00e9ro SIRET (si\u00e8ge) 45338086700029Adresse : 5 place de la nouvelle Orl\u00e9ans &#8211; 45000 Orl\u00e9ans &#8211; FranceHebergeur : OVH &#8211; SI\u00e8ge social \u00e0 Roubaix<\/p>","protected":false},"author":1,"featured_media":0,"parent":0,"menu_order":0,"comment_status":"closed","ping_status":"closed","template":"","meta":{"_et_pb_use_builder":"on","_et_pb_old_content":"<p>\u00a0<\/p><p>\u00a0<\/p><p>Autoentrepreneur : MONSIEUR LUIS PATARATA<br \/>Num\u00e9ro SIRET (si\u00e8ge) 45338086700029<br \/>Adresse : 5 place de la nouvelle Orl\u00e9ans - 45000 Orl\u00e9ans - France<br \/>Hebergeur : OVH - SI\u00e8ge social \u00e0 Roubaix<\/p>","_et_gb_content_width":"","footnotes":""},"class_list":["post-394573","page","type-page","status-publish","hentry"],"jetpack_sharing_enabled":true,"_links":{"self":[{"href":"https:\/\/luisfilm.com\/en\/wp-json\/wp\/v2\/pages\/394573","targetHints":{"allow":["GET"]}}],"collection":[{"href":"https:\/\/luisfilm.com\/en\/wp-json\/wp\/v2\/pages"}],"about":[{"href":"https:\/\/luisfilm.com\/en\/wp-json\/wp\/v2\/types\/page"}],"author":[{"embeddable":true,"href":"https:\/\/luisfilm.com\/en\/wp-json\/wp\/v2\/users\/1"}],"replies":[{"embeddable":true,"href":"https:\/\/luisfilm.com\/en\/wp-json\/wp\/v2\/comments?post=394573"}],"version-history":[{"count":5,"href":"https:\/\/luisfilm.com\/en\/wp-json\/wp\/v2\/pages\/394573\/revisions"}],"predecessor-version":[{"id":394602,"href":"https:\/\/luisfilm.com\/en\/wp-json\/wp\/v2\/pages\/394573\/revisions\/394602"}],"wp:attachment":[{"href":"https:\/\/luisfilm.com\/en\/wp-json\/wp\/v2\/media?parent=394573"}],"curies":[{"name":"wp","href":"https:\/\/api.w.org\/{rel}","templated":true}]}}